{"id":993910,"date":"2020-11-19T21:56:04","date_gmt":"2020-11-19T18:56:04","guid":{"rendered":"https:\/\/ekoldenizcilik.com.tr\/hakkinda\/"},"modified":"2025-02-14T16:47:48","modified_gmt":"2025-02-14T13:47:48","slug":"hakkinda","status":"publish","type":"page","link":"https:\/\/ekoldenizcilik.com.tr\/en\/hakkinda\/","title":{"rendered":"Hakk\u0131m\u0131zda"},"content":{"rendered":"\t\t<div data-elementor-type=\"wp-page\" data-elementor-id=\"993910\" class=\"elementor elementor-993910 elementor-6281\" data-elementor-post-type=\"page\">\n\t\t\t\t\t\t<section class=\"elementor-section elementor-top-section elementor-element elementor-element-3c40c12 elementor-section-height-min-height elementor-section-items-stretch elementor-section-stretched elementor-section-boxed elementor-section-height-default\" data-id=\"3c40c12\" data-element_type=\"section\" data-settings=\"{&quot;background_background&quot;:&quot;classic&quot;,&quot;animation&quot;:&quot;none&quot;,&quot;stretch_section&quot;:&quot;section-stretched&quot;}\">\n\t\t\t\t\t\t<div class=\"elementor-container elementor-column-gap-default\">\n\t\t\t\t\t<div class=\"elementor-column elementor-col-100 elementor-top-column elementor-element elementor-element-1bb13b64\" data-id=\"1bb13b64\" data-element_type=\"column\" data-settings=\"{&quot;background_background&quot;:&quot;classic&quot;}\">\n\t\t\t<div class=\"elementor-widget-wrap\">\n\t\t\t\t\t\t\t<\/div>\n\t\t<\/div>\n\t\t\t\t\t<\/div>\n\t\t<\/section>\n\t\t\t\t<section class=\"elementor-section elementor-top-section elementor-element elementor-element-55f925de elementor-section-stretched elementor-section-boxed elementor-section-height-default elementor-section-height-default\" data-id=\"55f925de\" data-element_type=\"section\" data-settings=\"{&quot;animation&quot;:&quot;none&quot;,&quot;animation_tablet&quot;:&quot;none&quot;,&quot;animation_mobile&quot;:&quot;none&quot;,&quot;stretch_section&quot;:&quot;section-stretched&quot;}\">\n\t\t\t\t\t\t<div class=\"elementor-container elementor-column-gap-no\">\n\t\t\t\t\t<div class=\"elementor-column elementor-col-50 elementor-top-column elementor-element elementor-element-7fc4130a animated-fast elementor-invisible\" data-id=\"7fc4130a\" data-element_type=\"column\" data-settings=\"{&quot;background_background&quot;:&quot;classic&quot;,&quot;animation&quot;:&quot;fadeIn&quot;,&quot;animation_delay&quot;:100}\">\n\t\t\t<div class=\"elementor-widget-wrap elementor-element-populated\">\n\t\t\t\t\t\t<div class=\"elementor-element elementor-element-4e7c6acb elementor-widget__width-auto elementor-widget-tablet__width-auto elementor-widget-mobile__width-inherit elementor-widget elementor-widget-heading\" data-id=\"4e7c6acb\" data-element_type=\"widget\" data-settings=\"{&quot;_animation&quot;:&quot;none&quot;,&quot;_animation_delay&quot;:200}\" data-widget_type=\"heading.heading_charityfy\">\n\t\t\t\t<div class=\"elementor-widget-container\">\n\t\t\t\t\t<h1 class=\"elementor-heading-title elementor-size-default\">About EKOL<\/h1>\t\t\t\t<\/div>\n\t\t\t\t<\/div>\n\t\t\t\t<div class=\"elementor-element elementor-element-2a6a52d elementor-widget elementor-widget-text-editor\" data-id=\"2a6a52d\" data-element_type=\"widget\" data-settings=\"{&quot;_animation&quot;:&quot;none&quot;,&quot;_animation_delay&quot;:300}\" data-widget_type=\"text-editor.default\">\n\t\t\t\t<div class=\"elementor-widget-container\">\n\t\t\t\t\t\t\t\t\t<p>Ekol Maritime Training Center has been providing services in the &#8220;Maritime Training Sector&#8221; since 1997, under the Ministry of Transport, Maritime Affairs and Communications, and the Ministry of National Education.<\/p>\t\t\t\t\t\t\t\t<\/div>\n\t\t\t\t<\/div>\n\t\t\t\t\t<\/div>\n\t\t<\/div>\n\t\t\t\t<div class=\"elementor-column elementor-col-50 elementor-top-column elementor-element elementor-element-3b5ab089 elementor-hidden-desktop elementor-hidden-tablet elementor-hidden-phone\" data-id=\"3b5ab089\" data-element_type=\"column\">\n\t\t\t<div class=\"elementor-widget-wrap\">\n\t\t\t\t\t\t\t<\/div>\n\t\t<\/div>\n\t\t\t\t\t<\/div>\n\t\t<\/section>\n\t\t\t\t<section class=\"elementor-section elementor-top-section elementor-element elementor-element-38fedf7 elementor-section-boxed elementor-section-height-default elementor-section-height-default\" data-id=\"38fedf7\" data-element_type=\"section\">\n\t\t\t\t\t\t<div class=\"elementor-container elementor-column-gap-default\">\n\t\t\t\t\t<div class=\"elementor-column elementor-col-100 elementor-top-column elementor-element elementor-element-23db0c6\" data-id=\"23db0c6\" data-element_type=\"column\">\n\t\t\t<div class=\"elementor-widget-wrap elementor-element-populated\">\n\t\t\t\t\t\t<div class=\"elementor-element elementor-element-a25a9b7 elementor-widget elementor-widget-text-editor\" data-id=\"a25a9b7\" data-element_type=\"widget\" data-settings=\"{&quot;_animation&quot;:&quot;none&quot;,&quot;_animation_delay&quot;:300,&quot;_animation_tablet&quot;:&quot;none&quot;,&quot;_animation_mobile&quot;:&quot;none&quot;}\" data-widget_type=\"text-editor.default\">\n\t\t\t\t<div class=\"elementor-widget-container\">\n\t\t\t\t\t\t\t\t\t<p data-start=\"0\" data-end=\"399\">Ekol Maritime Training Center has been providing services in the &#8220;Maritime Training Sector&#8221; since 1997, under the Ministry of Transport, Maritime Affairs and Communications, and the Ministry of National Education. Ekol Maritime has contributed to the maritime sector by training many individuals, ranging from Watchkeeping\/Engine Officers to Long-distance Captains\/Chief Engineers, to date.<\/p><p data-start=\"401\" data-end=\"836\">With the start of each new academic year, there is excitement and pride in training new Ekol trainees. The maritime education programs carried out within the institution primarily focus on compliance with both national and international regulations. In this context, our Ekol Maritime Security Applied Training Center, located in Beykoz, ranks second in our region after the ITU Faculty of Maritime Studies in terms of its facilities.<\/p><p data-start=\"838\" data-end=\"1372\">Since July 2015, in addition to Ekol trainees, students from the Piri Reis University Faculty of Maritime and Maritime Vocational School, Yildiz Technical University students, and trainees from six other maritime courses in Istanbul have also been receiving practical training in Basic Firefighting, Using Lifesaving Appliances, Personal Survival at Sea, Advanced Firefighting, and Using a Fast Rescue Boat at our facility. These types of training continue to be provided to seafarers who have graduated from their respective schools.<\/p><p data-start=\"1374\" data-end=\"1878\">One of the major challenges currently faced in the maritime education sector is the difficulty in finding internship ships for students, particularly for first-time certified seafarers, as well as employment issues. As an institution, a new initiative has been implemented to address this issue, and the Ekol Private Employment Office, operating in collaboration with \u0130\u015eKUR in our \u00dcsk\u00fcdar campus, has been established in accordance with the MLC2006 Convention and offers official job placement services.<\/p><p data-start=\"1880\" data-end=\"2148\">As a result of this service, our trainees who receive two-year watchkeeping and engineering officer training no longer face the challenge of finding an internship ship. This service is also provided free of charge to all trainees receiving training at our institution.<\/p><p data-start=\"2150\" data-end=\"2541\" data-is-last-node=\"\">With its 3 administrators, 35 expert trainers in their fields, 12 employees, 420 trainee capacity, and the authority to open 92 different courses, Ekol Maritime is the largest private maritime training institution in our country. Due to its institutional structure, it closely follows national and international developments in the sector and continues to lead the way in maritime education.<\/p>\t\t\t\t\t\t\t\t<\/div>\n\t\t\t\t<\/div>\n\t\t\t\t\t<\/div>\n\t\t<\/div>\n\t\t\t\t\t<\/div>\n\t\t<\/section>\n\t\t\t\t<section class=\"elementor-section elementor-top-section elementor-element elementor-element-280e1e0c elementor-reverse-tablet elementor-section-boxed elementor-section-height-default elementor-section-height-default\" data-id=\"280e1e0c\" data-element_type=\"section\">\n\t\t\t\t\t\t<div class=\"elementor-container elementor-column-gap-no\">\n\t\t\t\t\t<div class=\"elementor-column elementor-col-33 elementor-top-column elementor-element elementor-element-c6f1dd8 elementor-hidden-phone\" data-id=\"c6f1dd8\" data-element_type=\"column\">\n\t\t\t<div class=\"elementor-widget-wrap elementor-element-populated\">\n\t\t\t\t\t\t<div class=\"elementor-element elementor-element-2d89c68 elementor-invisible elementor-widget elementor-widget-image\" data-id=\"2d89c68\" data-element_type=\"widget\" data-settings=\"{&quot;_animation&quot;:&quot;imageGrowWithScaleBottom&quot;,&quot;_animation_delay&quot;:500,&quot;_animation_tablet&quot;:&quot;none&quot;,&quot;_animation_mobile&quot;:&quot;none&quot;}\" data-widget_type=\"image.default\">\n\t\t\t\t<div class=\"elementor-widget-container\">\n\t\t\t\t\t\t\t\t\t<div class=\"elementor-image\">\n\t\t\t\t\t\t\t\t\t\t\t<div class=\"vamtam-image-wrapper\">\n\t\t\t\t\t\t\t\t\t\t\t\t\t\t\t\t\t\t\t\t\t<img fetchpriority=\"high\" decoding=\"async\" width=\"2560\" height=\"1707\" src=\"https:\/\/ekoldenizcilik.com.tr\/wp-content\/uploads\/2022\/08\/IMG_0332-scaled.jpg\" class=\"attachment-full size-full wp-image-988322\" alt=\"\" srcset=\"https:\/\/ekoldenizcilik.com.tr\/wp-content\/uploads\/2022\/08\/IMG_0332-scaled.jpg 2560w, https:\/\/ekoldenizcilik.com.tr\/wp-content\/uploads\/2022\/08\/IMG_0332-300x200.jpg 300w, https:\/\/ekoldenizcilik.com.tr\/wp-content\/uploads\/2022\/08\/IMG_0332-1024x683.jpg 1024w, https:\/\/ekoldenizcilik.com.tr\/wp-content\/uploads\/2022\/08\/IMG_0332-768x512.jpg 768w, https:\/\/ekoldenizcilik.com.tr\/wp-content\/uploads\/2022\/08\/IMG_0332-1536x1024.jpg 1536w, https:\/\/ekoldenizcilik.com.tr\/wp-content\/uploads\/2022\/08\/IMG_0332-2048x1365.jpg 2048w\" sizes=\"(max-width: 2560px) 100vw, 2560px\" \/>\t\t\t\t\t\t\t\t\t\t\t\t\t\t\t\t\t\t\t\t\t\t\t\t\t\t<\/div>\n\t\t\t\t\t\t\t\t\t<\/div>\n\t\t\t\t\t\t\t\t<\/div>\n\t\t\t\t<\/div>\n\t\t\t\t\t<\/div>\n\t\t<\/div>\n\t\t\t\t<div class=\"elementor-column elementor-col-33 elementor-top-column elementor-element elementor-element-1e062c74\" data-id=\"1e062c74\" data-element_type=\"column\">\n\t\t\t<div class=\"elementor-widget-wrap elementor-element-populated\">\n\t\t\t\t\t\t<div class=\"elementor-element elementor-element-f6c6bb8 elementor-invisible elementor-widget elementor-widget-image\" data-id=\"f6c6bb8\" data-element_type=\"widget\" data-settings=\"{&quot;_animation&quot;:&quot;imageGrowWithScaleBottom&quot;,&quot;_animation_delay&quot;:800,&quot;_animation_tablet&quot;:&quot;none&quot;,&quot;_animation_mobile&quot;:&quot;none&quot;}\" data-widget_type=\"image.default\">\n\t\t\t\t<div class=\"elementor-widget-container\">\n\t\t\t\t\t\t\t\t\t<div class=\"elementor-image\">\n\t\t\t\t\t\t\t\t\t\t\t<div class=\"vamtam-image-wrapper\">\n\t\t\t\t\t\t\t\t\t\t\t\t\t\t\t\t\t\t\t\t\t<img decoding=\"async\" width=\"2560\" height=\"1707\" src=\"https:\/\/ekoldenizcilik.com.tr\/wp-content\/uploads\/2022\/08\/IMG_0338-scaled.jpg\" class=\"attachment-full size-full wp-image-988323\" alt=\"\" srcset=\"https:\/\/ekoldenizcilik.com.tr\/wp-content\/uploads\/2022\/08\/IMG_0338-scaled.jpg 2560w, https:\/\/ekoldenizcilik.com.tr\/wp-content\/uploads\/2022\/08\/IMG_0338-300x200.jpg 300w, https:\/\/ekoldenizcilik.com.tr\/wp-content\/uploads\/2022\/08\/IMG_0338-1024x683.jpg 1024w, https:\/\/ekoldenizcilik.com.tr\/wp-content\/uploads\/2022\/08\/IMG_0338-768x512.jpg 768w, https:\/\/ekoldenizcilik.com.tr\/wp-content\/uploads\/2022\/08\/IMG_0338-1536x1024.jpg 1536w, https:\/\/ekoldenizcilik.com.tr\/wp-content\/uploads\/2022\/08\/IMG_0338-2048x1365.jpg 2048w\" sizes=\"(max-width: 2560px) 100vw, 2560px\" \/>\t\t\t\t\t\t\t\t\t\t\t\t\t\t\t\t\t\t\t\t\t\t\t\t\t\t<\/div>\n\t\t\t\t\t\t\t\t\t<\/div>\n\t\t\t\t\t\t\t\t<\/div>\n\t\t\t\t<\/div>\n\t\t\t\t\t<\/div>\n\t\t<\/div>\n\t\t\t\t<div class=\"elementor-column elementor-col-33 elementor-top-column elementor-element elementor-element-7e522b2d elementor-hidden-phone elementor-hidden-tablet\" data-id=\"7e522b2d\" data-element_type=\"column\">\n\t\t\t<div class=\"elementor-widget-wrap elementor-element-populated\">\n\t\t\t\t\t\t<div class=\"elementor-element elementor-element-c3b0474 elementor-invisible elementor-widget elementor-widget-image\" data-id=\"c3b0474\" data-element_type=\"widget\" data-settings=\"{&quot;_animation&quot;:&quot;imageGrowWithScaleBottom&quot;,&quot;_animation_delay&quot;:500,&quot;_animation_tablet&quot;:&quot;none&quot;,&quot;_animation_mobile&quot;:&quot;none&quot;}\" data-widget_type=\"image.default\">\n\t\t\t\t<div class=\"elementor-widget-container\">\n\t\t\t\t\t\t\t\t\t<div class=\"elementor-image\">\n\t\t\t\t\t\t\t\t\t\t\t<div class=\"vamtam-image-wrapper\">\n\t\t\t\t\t\t\t\t\t\t\t\t\t\t\t\t\t\t\t\t\t<img decoding=\"async\" width=\"1707\" height=\"2560\" src=\"https:\/\/ekoldenizcilik.com.tr\/wp-content\/uploads\/2022\/08\/IMG_0356-scaled.jpg\" class=\"attachment-full size-full wp-image-988318\" alt=\"\" srcset=\"https:\/\/ekoldenizcilik.com.tr\/wp-content\/uploads\/2022\/08\/IMG_0356-scaled.jpg 1707w, https:\/\/ekoldenizcilik.com.tr\/wp-content\/uploads\/2022\/08\/IMG_0356-200x300.jpg 200w, https:\/\/ekoldenizcilik.com.tr\/wp-content\/uploads\/2022\/08\/IMG_0356-683x1024.jpg 683w, https:\/\/ekoldenizcilik.com.tr\/wp-content\/uploads\/2022\/08\/IMG_0356-768x1152.jpg 768w, https:\/\/ekoldenizcilik.com.tr\/wp-content\/uploads\/2022\/08\/IMG_0356-1024x1536.jpg 1024w, https:\/\/ekoldenizcilik.com.tr\/wp-content\/uploads\/2022\/08\/IMG_0356-1365x2048.jpg 1365w\" sizes=\"(max-width: 1707px) 100vw, 1707px\" \/>\t\t\t\t\t\t\t\t\t\t\t\t\t\t\t\t\t\t\t\t\t\t\t\t\t\t<\/div>\n\t\t\t\t\t\t\t\t\t<\/div>\n\t\t\t\t\t\t\t\t<\/div>\n\t\t\t\t<\/div>\n\t\t\t\t\t<\/div>\n\t\t<\/div>\n\t\t\t\t\t<\/div>\n\t\t<\/section>\n\t\t\t\t<section class=\"elementor-section elementor-top-section elementor-element elementor-element-48a803d9 elementor-section-boxed elementor-section-height-default elementor-section-height-default\" data-id=\"48a803d9\" data-element_type=\"section\" data-settings=\"{&quot;background_background&quot;:&quot;classic&quot;}\">\n\t\t\t\t\t\t<div class=\"elementor-container elementor-column-gap-default\">\n\t\t\t\t\t<div class=\"elementor-column elementor-col-33 elementor-top-column elementor-element elementor-element-4e425766 elementor-invisible\" data-id=\"4e425766\" data-element_type=\"column\" data-settings=\"{&quot;animation&quot;:&quot;fadeIn&quot;,&quot;animation_tablet&quot;:&quot;none&quot;,&quot;animation_mobile&quot;:&quot;none&quot;,&quot;animation_delay&quot;:200}\">\n\t\t\t<div class=\"elementor-widget-wrap elementor-element-populated\">\n\t\t\t\t\t\t<div class=\"elementor-element elementor-element-d76a5ad elementor-widget elementor-widget-heading\" data-id=\"d76a5ad\" data-element_type=\"widget\" data-settings=\"{&quot;_animation&quot;:&quot;none&quot;,&quot;_animation_tablet&quot;:&quot;none&quot;,&quot;_animation_mobile&quot;:&quot;none&quot;,&quot;_animation_delay&quot;:100}\" data-widget_type=\"heading.default\">\n\t\t\t\t<div class=\"elementor-widget-container\">\n\t\t\t\t\t<span class=\"elementor-heading-title elementor-size-default\">35+<\/span>\t\t\t\t<\/div>\n\t\t\t\t<\/div>\n\t\t\t\t<div class=\"elementor-element elementor-element-14daec04 elementor-widget elementor-widget-text-editor\" data-id=\"14daec04\" data-element_type=\"widget\" data-settings=\"{&quot;_animation&quot;:&quot;none&quot;,&quot;_animation_tablet&quot;:&quot;none&quot;,&quot;_animation_mobile&quot;:&quot;none&quot;,&quot;_animation_delay&quot;:200}\" data-widget_type=\"text-editor.default\">\n\t\t\t\t<div class=\"elementor-widget-container\">\n\t\t\t\t\t\t\t\t\t<p>Trainer<\/p>\t\t\t\t\t\t\t\t<\/div>\n\t\t\t\t<\/div>\n\t\t\t\t\t<\/div>\n\t\t<\/div>\n\t\t\t\t<div class=\"elementor-column elementor-col-33 elementor-top-column elementor-element elementor-element-4f809c2d elementor-invisible\" data-id=\"4f809c2d\" data-element_type=\"column\" data-settings=\"{&quot;animation&quot;:&quot;fadeIn&quot;,&quot;animation_tablet&quot;:&quot;none&quot;,&quot;animation_mobile&quot;:&quot;none&quot;,&quot;animation_delay&quot;:400}\">\n\t\t\t<div class=\"elementor-widget-wrap elementor-element-populated\">\n\t\t\t\t\t\t<div class=\"elementor-element elementor-element-8b17bae elementor-widget elementor-widget-heading\" data-id=\"8b17bae\" data-element_type=\"widget\" data-settings=\"{&quot;_animation&quot;:&quot;none&quot;,&quot;_animation_tablet&quot;:&quot;none&quot;,&quot;_animation_mobile&quot;:&quot;none&quot;,&quot;_animation_delay&quot;:100}\" data-widget_type=\"heading.default\">\n\t\t\t\t<div class=\"elementor-widget-container\">\n\t\t\t\t\t<span class=\"elementor-heading-title elementor-size-default\">650+<\/span>\t\t\t\t<\/div>\n\t\t\t\t<\/div>\n\t\t\t\t<div class=\"elementor-element elementor-element-58d0accc elementor-widget elementor-widget-text-editor\" data-id=\"58d0accc\" data-element_type=\"widget\" data-settings=\"{&quot;_animation&quot;:&quot;none&quot;,&quot;_animation_tablet&quot;:&quot;none&quot;,&quot;_animation_mobile&quot;:&quot;none&quot;,&quot;_animation_delay&quot;:200}\" data-widget_type=\"text-editor.default\">\n\t\t\t\t<div class=\"elementor-widget-container\">\n\t\t\t\t\t\t\t\t\t<p>Trainee capacity<\/p>\t\t\t\t\t\t\t\t<\/div>\n\t\t\t\t<\/div>\n\t\t\t\t\t<\/div>\n\t\t<\/div>\n\t\t\t\t<div class=\"elementor-column elementor-col-33 elementor-top-column elementor-element elementor-element-155a7471 elementor-invisible\" data-id=\"155a7471\" data-element_type=\"column\" data-settings=\"{&quot;animation&quot;:&quot;fadeIn&quot;,&quot;animation_tablet&quot;:&quot;none&quot;,&quot;animation_mobile&quot;:&quot;none&quot;,&quot;animation_delay&quot;:600}\">\n\t\t\t<div class=\"elementor-widget-wrap elementor-element-populated\">\n\t\t\t\t\t\t<div class=\"elementor-element elementor-element-2d1e6cd elementor-widget elementor-widget-heading\" data-id=\"2d1e6cd\" data-element_type=\"widget\" data-settings=\"{&quot;_animation&quot;:&quot;none&quot;,&quot;_animation_tablet&quot;:&quot;none&quot;,&quot;_animation_mobile&quot;:&quot;none&quot;,&quot;_animation_delay&quot;:100}\" data-widget_type=\"heading.default\">\n\t\t\t\t<div class=\"elementor-widget-container\">\n\t\t\t\t\t<span class=\"elementor-heading-title elementor-size-default\">91+<\/span>\t\t\t\t<\/div>\n\t\t\t\t<\/div>\n\t\t\t\t<div class=\"elementor-element elementor-element-434902bc elementor-widget elementor-widget-text-editor\" data-id=\"434902bc\" data-element_type=\"widget\" data-settings=\"{&quot;_animation&quot;:&quot;none&quot;,&quot;_animation_tablet&quot;:&quot;none&quot;,&quot;_animation_mobile&quot;:&quot;none&quot;,&quot;_animation_delay&quot;:200}\" data-widget_type=\"text-editor.default\">\n\t\t\t\t<div class=\"elementor-widget-container\">\n\t\t\t\t\t\t\t\t\t<p>Course<\/p>\t\t\t\t\t\t\t\t<\/div>\n\t\t\t\t<\/div>\n\t\t\t\t\t<\/div>\n\t\t<\/div>\n\t\t\t\t\t<\/div>\n\t\t<\/section>\n\t\t\t\t<\/div>\n\t\t","protected":false},"excerpt":{"rendered":"<p>About EKOL Ekol Maritime Training Center has been providing services in the &#8220;Maritime Training Sector&#8221; since 1997, under the Ministry of Transport, Maritime Affairs and Communications, and the Ministry of National Education. Ekol Maritime Training Center has been providing services in the &#8220;Maritime Training Sector&#8221; since 1997, under the Ministry of Transport, Maritime Affairs and&#8230;<\/p>\n","protected":false},"author":4,"featured_media":0,"parent":0,"menu_order":0,"comment_status":"closed","ping_status":"closed","template":"","meta":{"footnotes":""},"class_list":["post-993910","page","type-page","status-publish","hentry"],"_links":{"self":[{"href":"https:\/\/ekoldenizcilik.com.tr\/en\/wp-json\/wp\/v2\/pages\/993910","targetHints":{"allow":["GET"]}}],"collection":[{"href":"https:\/\/ekoldenizcilik.com.tr\/en\/wp-json\/wp\/v2\/pages"}],"about":[{"href":"https:\/\/ekoldenizcilik.com.tr\/en\/wp-json\/wp\/v2\/types\/page"}],"author":[{"embeddable":true,"href":"https:\/\/ekoldenizcilik.com.tr\/en\/wp-json\/wp\/v2\/users\/4"}],"replies":[{"embeddable":true,"href":"https:\/\/ekoldenizcilik.com.tr\/en\/wp-json\/wp\/v2\/comments?post=993910"}],"version-history":[{"count":3,"href":"https:\/\/ekoldenizcilik.com.tr\/en\/wp-json\/wp\/v2\/pages\/993910\/revisions"}],"predecessor-version":[{"id":993914,"href":"https:\/\/ekoldenizcilik.com.tr\/en\/wp-json\/wp\/v2\/pages\/993910\/revisions\/993914"}],"wp:attachment":[{"href":"https:\/\/ekoldenizcilik.com.tr\/en\/wp-json\/wp\/v2\/media?parent=993910"}],"curies":[{"name":"wp","href":"https:\/\/api.w.org\/{rel}","templated":true}]}}